{"id":431,"date":"2020-09-26T14:22:06","date_gmt":"2020-09-26T12:22:06","guid":{"rendered":"https:\/\/volker-schlott.de\/shop\/?page_id=431"},"modified":"2024-12-15T11:08:05","modified_gmt":"2024-12-15T10:08:05","slug":"video-coaching","status":"publish","type":"page","link":"https:\/\/volker-schlott.de\/shop\/video-coaching\/","title":{"rendered":"video coaching"},"content":{"rendered":"\t\t<div data-elementor-type=\"wp-page\" data-elementor-id=\"431\" class=\"elementor elementor-431\">\n\t\t\t\t\t\t<section class=\"elementor-section elementor-top-section elementor-element elementor-element-73940e3 elementor-section-boxed elementor-section-height-default elementor-section-height-default\" data-id=\"73940e3\" data-element_type=\"section\" data-e-type=\"section\">\n\t\t\t\t\t\t<div class=\"elementor-container elementor-column-gap-default\">\n\t\t\t\t\t<div class=\"elementor-column elementor-col-50 elementor-top-column elementor-element elementor-element-4f6660f\" data-id=\"4f6660f\" data-element_type=\"column\" data-e-type=\"column\">\n\t\t\t<div class=\"elementor-widget-wrap elementor-element-populated\">\n\t\t\t\t\t\t<div class=\"elementor-element elementor-element-a74cda2 elementor-widget elementor-widget-heading\" data-id=\"a74cda2\" data-element_type=\"widget\" data-e-type=\"widget\" data-widget_type=\"heading.default\">\n\t\t\t\t<div class=\"elementor-widget-container\">\n\t\t\t\t\t<h1 class=\"elementor-heading-title elementor-size-default\">Video coaching<\/h1>\t\t\t\t<\/div>\n\t\t\t\t<\/div>\n\t\t\t\t\t<\/div>\n\t\t<\/div>\n\t\t\t\t<div class=\"elementor-column elementor-col-50 elementor-top-column elementor-element elementor-element-fd26583\" data-id=\"fd26583\" data-element_type=\"column\" data-e-type=\"column\">\n\t\t\t<div class=\"elementor-widget-wrap elementor-element-populated\">\n\t\t\t\t\t\t<div class=\"elementor-element elementor-element-02ff41f elementor-widget elementor-widget-image\" data-id=\"02ff41f\" data-element_type=\"widget\" data-e-type=\"widget\" data-widget_type=\"image.default\">\n\t\t\t\t<div class=\"elementor-widget-container\">\n\t\t\t\t\t\t\t\t\t\t\t\t\t\t\t\t<a href=\"https:\/\/volker-schlott.de\/shop\/en\/video-coaching-2\/\">\n\t\t\t\t\t\t\t<img decoding=\"async\" width=\"50\" height=\"25\" src=\"https:\/\/volker-schlott.de\/shop\/wp-content\/uploads\/2021\/01\/Flagge-GB.jpg\" class=\"attachment-thumbnail size-thumbnail wp-image-1355\" alt=\"Englisch\" \/>\t\t\t\t\t\t\t\t<\/a>\n\t\t\t\t\t\t\t\t\t\t\t\t\t\t\t<\/div>\n\t\t\t\t<\/div>\n\t\t\t\t\t<\/div>\n\t\t<\/div>\n\t\t\t\t\t<\/div>\n\t\t<\/section>\n\t\t\t\t<section class=\"elementor-section elementor-top-section elementor-element elementor-element-48b0885 elementor-section-boxed elementor-section-height-default elementor-section-height-default\" data-id=\"48b0885\" data-element_type=\"section\" data-e-type=\"section\">\n\t\t\t\t\t\t<div class=\"elementor-container elementor-column-gap-default\">\n\t\t\t\t\t<div class=\"elementor-column elementor-col-100 elementor-top-column elementor-element elementor-element-ab31e92\" data-id=\"ab31e92\" data-element_type=\"column\" data-e-type=\"column\">\n\t\t\t<div class=\"elementor-widget-wrap elementor-element-populated\">\n\t\t\t\t\t\t<div class=\"elementor-element elementor-element-1ccc776 elementor-widget-divider--view-line elementor-widget elementor-widget-divider\" data-id=\"1ccc776\" data-element_type=\"widget\" data-e-type=\"widget\" data-widget_type=\"divider.default\">\n\t\t\t\t<div class=\"elementor-widget-container\">\n\t\t\t\t\t\t\t<div class=\"elementor-divider\">\n\t\t\t<span class=\"elementor-divider-separator\">\n\t\t\t\t\t\t<\/span>\n\t\t<\/div>\n\t\t\t\t\t\t<\/div>\n\t\t\t\t<\/div>\n\t\t\t\t\t<\/div>\n\t\t<\/div>\n\t\t\t\t\t<\/div>\n\t\t<\/section>\n\t\t\t\t<section class=\"elementor-section elementor-top-section elementor-element elementor-element-6f8021c elementor-section-boxed elementor-section-height-default elementor-section-height-default\" data-id=\"6f8021c\" data-element_type=\"section\" data-e-type=\"section\">\n\t\t\t\t\t\t<div class=\"elementor-container elementor-column-gap-default\">\n\t\t\t\t\t<div class=\"elementor-column elementor-col-33 elementor-top-column elementor-element elementor-element-68a3bb1\" data-id=\"68a3bb1\" data-element_type=\"column\" data-e-type=\"column\">\n\t\t\t<div class=\"elementor-widget-wrap elementor-element-populated\">\n\t\t\t\t\t\t<div class=\"elementor-element elementor-element-ddf66bb elementor-widget__width-initial elementor-widget elementor-widget-video\" data-id=\"ddf66bb\" data-element_type=\"widget\" data-e-type=\"widget\" data-settings=\"{&quot;video_type&quot;:&quot;hosted&quot;,&quot;autoplay&quot;:&quot;yes&quot;,&quot;play_on_mobile&quot;:&quot;yes&quot;,&quot;start&quot;:2,&quot;end&quot;:2,&quot;controls&quot;:&quot;yes&quot;}\" data-widget_type=\"video.default\">\n\t\t\t\t<div class=\"elementor-widget-container\">\n\t\t\t\t\t\t\t<div class=\"e-hosted-video elementor-wrapper elementor-open-inline\">\n\t\t\t\t\t<video class=\"elementor-video\" src=\"https:\/\/volker-schlott.de\/shop\/wp-content\/uploads\/2021\/01\/trailer-nsol21_1.mp4#t=2,2\" autoplay=\"\" controls=\"\" playsinline=\"\" controlsList=\"nodownload\" poster=\"https:\/\/volker-schlott.de\/shop\/wp-content\/uploads\/2021\/01\/trailer-still.jpg\"><\/video>\n\t\t\t\t<\/div>\n\t\t\t\t\t\t<\/div>\n\t\t\t\t<\/div>\n\t\t\t\t\t<\/div>\n\t\t<\/div>\n\t\t\t\t<div class=\"elementor-column elementor-col-33 elementor-top-column elementor-element elementor-element-e7bb044\" data-id=\"e7bb044\" data-element_type=\"column\" data-e-type=\"column\">\n\t\t\t<div class=\"elementor-widget-wrap elementor-element-populated\">\n\t\t\t\t\t\t<div class=\"elementor-element elementor-element-605d66a elementor-widget__width-initial elementor-widget elementor-widget-text-editor\" data-id=\"605d66a\" data-element_type=\"widget\" data-e-type=\"widget\" data-widget_type=\"text-editor.default\">\n\t\t\t\t<div class=\"elementor-widget-container\">\n\t\t\t\t\t\t\t\t\t<p><span style=\"text-align: center; text-decoration: underline;\"><a href=\"https:\/\/youtu.be\/pnR7CXgCg5s\" data-wplink-edit=\"true\"><strong>Lesson 1<\/strong><\/a><br \/><\/span><span style=\"text-decoration: none; font-size: .8em; font-weight: bold; color: #cfe1fc;\">Sekunde<\/span><\/p>\t\t\t\t\t\t\t\t<\/div>\n\t\t\t\t<\/div>\n\t\t\t\t<div class=\"elementor-element elementor-element-a34c189 elementor-widget__width-initial elementor-widget elementor-widget-text-editor\" data-id=\"a34c189\" data-element_type=\"widget\" data-e-type=\"widget\" data-widget_type=\"text-editor.default\">\n\t\t\t\t<div class=\"elementor-widget-container\">\n\t\t\t\t\t\t\t\t\t<p><span style=\"text-align: center; text-decoration: underline;\"><a href=\"https:\/\/youtu.be\/DgYuwDdbl6o\" data-wplink-edit=\"true\"><strong>Lesson 2<\/strong><\/a><\/span><br \/><span style=\"text-decoration: none; font-size: .85em; font-weight: bold; color: #cfe1fc;\">Terz<\/span><\/p>\t\t\t\t\t\t\t\t<\/div>\n\t\t\t\t<\/div>\n\t\t\t\t<div class=\"elementor-element elementor-element-6afccc1 elementor-widget__width-initial elementor-widget elementor-widget-text-editor\" data-id=\"6afccc1\" data-element_type=\"widget\" data-e-type=\"widget\" data-widget_type=\"text-editor.default\">\n\t\t\t\t<div class=\"elementor-widget-container\">\n\t\t\t\t\t\t\t\t\t<p><span style=\"text-align: center;\"><span style=\"text-decoration: underline;\"><strong><a href=\"https:\/\/volker-schlott.de\/shop\/product\/nsol-lesson-iii\/\">Lesson 3<\/a><\/strong><\/span><br \/><\/span><span style=\"text-decoration: none; font-size: .8em; font-weight: bold; color: #cfe1fc;\">Quarte &amp; Tritonus<br \/><\/span><br \/><a href=\"https:\/\/volker-schlott.de\/shop\/product\/nsol-lesson-iii\/\">kaufen<\/a>\u00a0\u00a0\u00a0\u00a0\u00a0 <a href=\"https:\/\/volker-schlott.de\/shop\/login\/\">anmelden<\/a><\/p>\t\t\t\t\t\t\t\t<\/div>\n\t\t\t\t<\/div>\n\t\t\t\t<div class=\"elementor-element elementor-element-082fad4 elementor-widget__width-initial elementor-widget elementor-widget-text-editor\" data-id=\"082fad4\" data-element_type=\"widget\" data-e-type=\"widget\" data-widget_type=\"text-editor.default\">\n\t\t\t\t<div class=\"elementor-widget-container\">\n\t\t\t\t\t\t\t\t\t<p><span style=\"text-align: center;\"><a href=\"https:\/\/volker-schlott.de\/shop\/product\/nsol-lesson-iv\/\"><span style=\"text-decoration: underline;\"><strong>Lesson 4<\/strong><\/span><\/a><\/span><br \/><span style=\"text-decoration: none; font-size: .8em; font-weight: bold; color: #cfe1fc;\">Quinte<br \/><\/span><br \/><a href=\"https:\/\/volker-schlott.de\/shop\/product\/nsol-lesson-iv\/\">kaufen<\/a>\u00a0\u00a0\u00a0\u00a0\u00a0 <a href=\"https:\/\/volker-schlott.de\/shop\/login\/\">anmelden<\/a><\/p>\t\t\t\t\t\t\t\t<\/div>\n\t\t\t\t<\/div>\n\t\t\t\t\t<\/div>\n\t\t<\/div>\n\t\t\t\t<div class=\"elementor-column elementor-col-33 elementor-top-column elementor-element elementor-element-4c81ff1\" data-id=\"4c81ff1\" data-element_type=\"column\" data-e-type=\"column\">\n\t\t\t<div class=\"elementor-widget-wrap elementor-element-populated\">\n\t\t\t\t\t\t<div class=\"elementor-element elementor-element-fd31ab7 elementor-widget__width-initial elementor-widget elementor-widget-text-editor\" data-id=\"fd31ab7\" data-element_type=\"widget\" data-e-type=\"widget\" data-widget_type=\"text-editor.default\">\n\t\t\t\t<div class=\"elementor-widget-container\">\n\t\t\t\t\t\t\t\t\t<p><span style=\"text-align: center;\"><a href=\"https:\/\/volker-schlott.de\/shop\/product\/nsol-lesson-v\/\"><span style=\"text-decoration: underline;\"><strong>Lesson 5<\/strong><\/span><\/a><br \/><\/span><span style=\"text-decoration: none; font-size: .8em; font-weight: bold; color: #cfe1fc;\">Sexte<br \/><\/span><br \/><a href=\"https:\/\/volker-schlott.de\/shop\/product\/nsol-lesson-v\/\">kaufen<\/a>\u00a0\u00a0\u00a0\u00a0\u00a0 <a href=\"https:\/\/volker-schlott.de\/shop\/login\/\">anmelden<\/a><\/p>\t\t\t\t\t\t\t\t<\/div>\n\t\t\t\t<\/div>\n\t\t\t\t<div class=\"elementor-element elementor-element-5b25c3c elementor-widget__width-initial elementor-widget elementor-widget-text-editor\" data-id=\"5b25c3c\" data-element_type=\"widget\" data-e-type=\"widget\" data-widget_type=\"text-editor.default\">\n\t\t\t\t<div class=\"elementor-widget-container\">\n\t\t\t\t\t\t\t\t\t<p><a href=\"https:\/\/volker-schlott.de\/shop\/product\/nsol-lesson-vi\/\"><span style=\"text-align: center;\"><span style=\"text-decoration: underline;\"><strong>Lesson 6<\/strong><\/span><\/span><\/a><br \/><span style=\"text-decoration: none; font-size: .8em; font-weight: bold; color: #cfe1fc;\">Septime<br \/><\/span><br \/><a href=\"https:\/\/volker-schlott.de\/shop\/product\/nsol-lesson-vi\/\">kaufen<\/a>\u00a0\u00a0\u00a0\u00a0\u00a0 <a href=\"https:\/\/volker-schlott.de\/shop\/login\/\">anmelden<\/a><\/p>\t\t\t\t\t\t\t\t<\/div>\n\t\t\t\t<\/div>\n\t\t\t\t<div class=\"elementor-element elementor-element-faa1bc2 elementor-widget__width-initial elementor-widget elementor-widget-text-editor\" data-id=\"faa1bc2\" data-element_type=\"widget\" data-e-type=\"widget\" data-widget_type=\"text-editor.default\">\n\t\t\t\t<div class=\"elementor-widget-container\">\n\t\t\t\t\t\t\t\t\t<p><a href=\"https:\/\/volker-schlott.de\/shop\/product\/nsol-lesson-vii\"><span style=\"text-align: center;\"><span style=\"text-decoration: underline;\"><strong>Lesson 7<\/strong><\/span><\/span><\/a><br \/><span style=\"text-decoration: none; font-size: .8em; font-weight: bold; color: #cfe1fc;\">Oktave<br \/><\/span><br \/><a href=\"https:\/\/volker-schlott.de\/shop\/product\/nsol-lesson-vii\">kaufen<\/a>\u00a0\u00a0\u00a0\u00a0\u00a0 <a href=\"https:\/\/volker-schlott.de\/shop\/login\/\">anmelden<\/a><\/p>\t\t\t\t\t\t\t\t<\/div>\n\t\t\t\t<\/div>\n\t\t\t\t<div class=\"elementor-element elementor-element-0f972ce elementor-widget__width-initial elementor-widget elementor-widget-text-editor\" data-id=\"0f972ce\" data-element_type=\"widget\" data-e-type=\"widget\" data-widget_type=\"text-editor.default\">\n\t\t\t\t<div class=\"elementor-widget-container\">\n\t\t\t\t\t\t\t\t\t<p><a href=\"https:\/\/volker-schlott.de\/shop\/product\/nsol-complete-course\"><span style=\"text-align: center;\"><span style=\"text-decoration: underline;\"><strong>Complete Course<\/strong><\/span><\/span><\/a><\/p><p><strong><span style=\"color: #66cd00; font-size: .8em;\">\u00a0Special!<\/span><\/strong><\/p><p><a href=\"https:\/\/volker-schlott.de\/shop\/product\/nsol-complete-course\">kaufen<\/a>\u00a0\u00a0\u00a0\u00a0\u00a0 <a href=\"https:\/\/volker-schlott.de\/shop\/login\/\">anmelden<\/a><\/p>\t\t\t\t\t\t\t\t<\/div>\n\t\t\t\t<\/div>\n\t\t\t\t\t<\/div>\n\t\t<\/div>\n\t\t\t\t\t<\/div>\n\t\t<\/section>\n\t\t\t\t<section class=\"elementor-section elementor-top-section elementor-element elementor-element-0d63755 elementor-section-boxed elementor-section-height-default elementor-section-height-default\" data-id=\"0d63755\" data-element_type=\"section\" data-e-type=\"section\">\n\t\t\t\t\t\t<div class=\"elementor-container elementor-column-gap-default\">\n\t\t\t\t\t<div class=\"elementor-column elementor-col-100 elementor-top-column elementor-element elementor-element-4dbd89b\" data-id=\"4dbd89b\" data-element_type=\"column\" data-e-type=\"column\">\n\t\t\t<div class=\"elementor-widget-wrap elementor-element-populated\">\n\t\t\t\t\t\t<div class=\"elementor-element elementor-element-6ec1310 elementor-widget-divider--view-line elementor-widget elementor-widget-divider\" data-id=\"6ec1310\" data-element_type=\"widget\" data-e-type=\"widget\" data-widget_type=\"divider.default\">\n\t\t\t\t<div class=\"elementor-widget-container\">\n\t\t\t\t\t\t\t<div class=\"elementor-divider\">\n\t\t\t<span class=\"elementor-divider-separator\">\n\t\t\t\t\t\t<\/span>\n\t\t<\/div>\n\t\t\t\t\t\t<\/div>\n\t\t\t\t<\/div>\n\t\t\t\t\t<\/div>\n\t\t<\/div>\n\t\t\t\t\t<\/div>\n\t\t<\/section>\n\t\t\t\t<section class=\"elementor-section elementor-top-section elementor-element elementor-element-b759688 elementor-section-boxed elementor-section-height-default elementor-section-height-default\" data-id=\"b759688\" data-element_type=\"section\" data-e-type=\"section\">\n\t\t\t\t\t\t<div class=\"elementor-container elementor-column-gap-default\">\n\t\t\t\t\t<div class=\"elementor-column elementor-col-50 elementor-top-column elementor-element elementor-element-a511dc5\" data-id=\"a511dc5\" data-element_type=\"column\" data-e-type=\"column\">\n\t\t\t<div class=\"elementor-widget-wrap elementor-element-populated\">\n\t\t\t\t\t\t<div class=\"elementor-element elementor-element-2934db3 elementor-widget elementor-widget-text-editor\" data-id=\"2934db3\" data-element_type=\"widget\" data-e-type=\"widget\" data-widget_type=\"text-editor.default\">\n\t\t\t\t<div class=\"elementor-widget-container\">\n\t\t\t\t\t\t\t\t\t<p>Die &#8222;New School Of Listening&#8220; geisterte schon lange in meinen Gedanken herum.<\/p><p>Durch die \u00e4u\u00dferen Umst\u00e4nde bin ich in diesem Jahr meiner Idee n\u00e4her gekommen und m\u00f6chte ab Januar mit dieser Reihe beginnen.<\/p><p>Der Hauptfokus wird dabei auf unserem Geh\u00f6r liegen, und wie wir unser Instrument auch mit einer etwas anderen Methode (ohne Noten) erlernen k\u00f6nnen.<\/p><p>Nach dem Grundkurs mit 7 Lessons werden wir uns auch intensiv mit alternativen Improvisationsmodellen besch\u00e4ftigen.<\/p><p>Aber eins nach dem anderen.<\/p><p>Freu mich wenn Ihr dabei seid.<\/p>\t\t\t\t\t\t\t\t<\/div>\n\t\t\t\t<\/div>\n\t\t\t\t\t<\/div>\n\t\t<\/div>\n\t\t\t\t<div class=\"elementor-column elementor-col-50 elementor-top-column elementor-element elementor-element-b3a2d0a\" data-id=\"b3a2d0a\" data-element_type=\"column\" data-e-type=\"column\">\n\t\t\t<div class=\"elementor-widget-wrap elementor-element-populated\">\n\t\t\t\t\t\t<div class=\"elementor-element elementor-element-e51cea3 elementor-widget elementor-widget-text-editor\" data-id=\"e51cea3\" data-element_type=\"widget\" data-e-type=\"widget\" data-widget_type=\"text-editor.default\">\n\t\t\t\t<div class=\"elementor-widget-container\">\n\t\t\t\t\t\t\t\t\t<div><span style=\"color: #66cd00;\"><span style=\"text-decoration: underline;\"><strong>SPECIAL!<\/strong><\/span>\u00a0 <br \/>&#8222;New School Of Listening&#8220; package Lesson 1-7 all incl. 39,95 \u20ac<br \/><\/span><span class=\"\">\u00a0<\/span><\/div><div class=\"\"><div class=\"\">Preis Abo\u00a0 49 \u20ac \/ Monat (jederzeit k\u00fcndbar)<\/div><div class=\"\">\u00a0 &#8211; inklusive alle Videos<br \/>&#8211; inklusive 1x online session f\u00fcr Sax \/ Fl\u00f6te (45 min)<br \/>&#8211; inklusive neue Songs auswendig lernen<br \/>&#8211; inklusive Videos f\u00fcr Impropvisation \/ Exercises \/ Harmonien lernen \/<br \/>Rhythmustraining \/ Scalen &#8230;<\/div><\/div><div class=\"\"><span class=\"\">\u00a0<\/span><\/div><div class=\"\"><span class=\"\">Ich freue mich auf eure <span style=\"text-decoration: underline; color: #3366ff;\"><a style=\"color: #3366ff; text-decoration: underline;\" href=\"mailto: nuscol@holly-schlott.de?subject=Kurs-Anmeldung\">Anmeldung.<\/a><\/span><\/span><\/div><div>\u00a0<\/div><div class=\"\">Unter <a style=\"color: #3366ff; text-decoration: underline;\" href=\"mailto: nuscol@holly-schlott.de?subject=1+1 Session-Anmeldung\">nuscol@holly-schlott.de<\/a>\u00a0 k\u00f6nnen auch jederzeit 1+1 Sessions gebucht werden.<br \/>Preis: 1 \u20ac\/min (mind. 45 &#8211; 60 min)<\/div><div>\u00a0<\/div>\t\t\t\t\t\t\t\t<\/div>\n\t\t\t\t<\/div>\n\t\t\t\t\t<\/div>\n\t\t<\/div>\n\t\t\t\t\t<\/div>\n\t\t<\/section>\n\t\t\t\t<section class=\"elementor-section elementor-top-section elementor-element elementor-element-f7e76c6 elementor-section-boxed elementor-section-height-default elementor-section-height-default\" data-id=\"f7e76c6\" data-element_type=\"section\" data-e-type=\"section\">\n\t\t\t\t\t\t<div class=\"elementor-container elementor-column-gap-default\">\n\t\t\t\t\t<div class=\"elementor-column elementor-col-100 elementor-top-column elementor-element elementor-element-60de11e\" data-id=\"60de11e\" data-element_type=\"column\" data-e-type=\"column\">\n\t\t\t<div class=\"elementor-widget-wrap elementor-element-populated\">\n\t\t\t\t\t\t<div class=\"elementor-element elementor-element-7316919 elementor-widget-divider--view-line elementor-widget elementor-widget-divider\" data-id=\"7316919\" data-element_type=\"widget\" data-e-type=\"widget\" data-widget_type=\"divider.default\">\n\t\t\t\t<div class=\"elementor-widget-container\">\n\t\t\t\t\t\t\t<div class=\"elementor-divider\">\n\t\t\t<span class=\"elementor-divider-separator\">\n\t\t\t\t\t\t<\/span>\n\t\t<\/div>\n\t\t\t\t\t\t<\/div>\n\t\t\t\t<\/div>\n\t\t\t\t\t<\/div>\n\t\t<\/div>\n\t\t\t\t\t<\/div>\n\t\t<\/section>\n\t\t\t\t<\/div>\n\t\t","protected":false},"excerpt":{"rendered":"<p>Video coaching https:\/\/volker-schlott.de\/shop\/wp-content\/uploads\/2021\/01\/trailer-nsol21_1.mp4#t=2,2 Lesson 1Sekunde Lesson 2Terz Lesson 3Quarte &amp; Tritonus kaufen\u00a0\u00a0\u00a0\u00a0\u00a0 anmelden Lesson 4Quinte kaufen\u00a0\u00a0\u00a0\u00a0\u00a0 anmelden Lesson 5Sexte kaufen\u00a0\u00a0\u00a0\u00a0\u00a0 anmelden Lesson 6Septime kaufen\u00a0\u00a0\u00a0\u00a0\u00a0 anmelden Lesson 7Oktave kaufen\u00a0\u00a0\u00a0\u00a0\u00a0 anmelden Complete Course \u00a0Special! kaufen\u00a0\u00a0\u00a0\u00a0\u00a0 anmelden Die &#8222;New School Of Listening&#8220; geisterte schon lange in meinen Gedanken herum. Durch die \u00e4u\u00dferen Umst\u00e4nde bin ich in diesem Jahr [&hellip;]<\/p>\n","protected":false},"author":1,"featured_media":0,"parent":0,"menu_order":0,"comment_status":"closed","ping_status":"closed","template":"","meta":{"ocean_post_layout":"","ocean_both_sidebars_style":"","ocean_both_sidebars_content_width":0,"ocean_both_sidebars_sidebars_width":0,"ocean_sidebar":"0","ocean_second_sidebar":"0","ocean_disable_margins":"on","ocean_add_body_class":"","ocean_shortcode_before_top_bar":"","ocean_shortcode_after_top_bar":"","ocean_shortcode_before_header":"","ocean_shortcode_after_header":"","ocean_has_shortcode":"","ocean_shortcode_after_title":"","ocean_shortcode_before_footer_widgets":"","ocean_shortcode_after_footer_widgets":"","ocean_shortcode_before_footer_bottom":"","ocean_shortcode_after_footer_bottom":"","ocean_display_top_bar":"default","ocean_display_header":"default","ocean_header_style":"","ocean_center_header_left_menu":"0","ocean_custom_header_template":"0","ocean_custom_logo":0,"ocean_custom_retina_logo":0,"ocean_custom_logo_max_width":0,"ocean_custom_logo_tablet_max_width":0,"ocean_custom_logo_mobile_max_width":0,"ocean_custom_logo_max_height":0,"ocean_custom_logo_tablet_max_height":0,"ocean_custom_logo_mobile_max_height":0,"ocean_header_custom_menu":"0","ocean_menu_typo_font_family":"0","ocean_menu_typo_font_subset":"","ocean_menu_typo_font_size":0,"ocean_menu_typo_font_size_tablet":0,"ocean_menu_typo_font_size_mobile":0,"ocean_menu_typo_font_size_unit":"px","ocean_menu_typo_font_weight":"","ocean_menu_typo_font_weight_tablet":"","ocean_menu_typo_font_weight_mobile":"","ocean_menu_typo_transform":"","ocean_menu_typo_transform_tablet":"","ocean_menu_typo_transform_mobile":"","ocean_menu_typo_line_height":0,"ocean_menu_typo_line_height_tablet":0,"ocean_menu_typo_line_height_mobile":0,"ocean_menu_typo_line_height_unit":"","ocean_menu_typo_spacing":0,"ocean_menu_typo_spacing_tablet":0,"ocean_menu_typo_spacing_mobile":0,"ocean_menu_typo_spacing_unit":"","ocean_menu_link_color":"","ocean_menu_link_color_hover":"","ocean_menu_link_color_active":"","ocean_menu_link_background":"","ocean_menu_link_hover_background":"","ocean_menu_link_active_background":"","ocean_menu_social_links_bg":"","ocean_menu_social_hover_links_bg":"","ocean_menu_social_links_color":"","ocean_menu_social_hover_links_color":"","ocean_disable_title":"on","ocean_disable_heading":"default","ocean_post_title":"","ocean_post_subheading":"","ocean_post_title_style":"","ocean_post_title_background_color":"","ocean_post_title_background":0,"ocean_post_title_bg_image_position":"","ocean_post_title_bg_image_attachment":"","ocean_post_title_bg_image_repeat":"","ocean_post_title_bg_image_size":"","ocean_post_title_height":0,"ocean_post_title_bg_overlay":0.5,"ocean_post_title_bg_overlay_color":"","ocean_disable_breadcrumbs":"default","ocean_breadcrumbs_color":"","ocean_breadcrumbs_separator_color":"","ocean_breadcrumbs_links_color":"","ocean_breadcrumbs_links_hover_color":"","ocean_display_footer_widgets":"default","ocean_display_footer_bottom":"default","ocean_custom_footer_template":"167","footnotes":""},"class_list":["post-431","page","type-page","status-publish","hentry","entry","owp-thumbs-layout-horizontal","owp-btn-normal","owp-tabs-layout-section","has-no-thumbnails","has-product-nav"],"_links":{"self":[{"href":"https:\/\/volker-schlott.de\/shop\/wp-json\/wp\/v2\/pages\/431","targetHints":{"allow":["GET"]}}],"collection":[{"href":"https:\/\/volker-schlott.de\/shop\/wp-json\/wp\/v2\/pages"}],"about":[{"href":"https:\/\/volker-schlott.de\/shop\/wp-json\/wp\/v2\/types\/page"}],"author":[{"embeddable":true,"href":"https:\/\/volker-schlott.de\/shop\/wp-json\/wp\/v2\/users\/1"}],"replies":[{"embeddable":true,"href":"https:\/\/volker-schlott.de\/shop\/wp-json\/wp\/v2\/comments?post=431"}],"version-history":[{"count":226,"href":"https:\/\/volker-schlott.de\/shop\/wp-json\/wp\/v2\/pages\/431\/revisions"}],"predecessor-version":[{"id":2342,"href":"https:\/\/volker-schlott.de\/shop\/wp-json\/wp\/v2\/pages\/431\/revisions\/2342"}],"wp:attachment":[{"href":"https:\/\/volker-schlott.de\/shop\/wp-json\/wp\/v2\/media?parent=431"}],"curies":[{"name":"wp","href":"https:\/\/api.w.org\/{rel}","templated":true}]}}